{"id":1833,"date":"2025-03-16T14:46:54","date_gmt":"2025-03-16T13:46:54","guid":{"rendered":"https:\/\/encore.ovh\/?page_id=1833"},"modified":"2026-04-29T15:07:10","modified_gmt":"2026-04-29T13:07:10","slug":"ma-methodologie","status":"publish","type":"page","link":"https:\/\/encore.ovh\/index.php\/ma-methodologie\/","title":{"rendered":"Ma m\u00e9thodologie"},"content":{"rendered":"\n<h3 class=\"wp-block-heading\">Chez Encore, Conseil et Projets chaque personne est unique,  chaque accompagnement vous est adapt\u00e9.<\/h3>\n\n\n<div class=\"wp-block-image\">\n<figure class=\"aligncenter size-large is-resized\"><img loading=\"lazy\" decoding=\"async\" width=\"1024\" height=\"789\" src=\"https:\/\/encore.ovh\/wp-content\/uploads\/2025\/03\/A-suivre-7-1024x789.jpeg\" alt=\"\" class=\"wp-image-1834\" style=\"width:566px;height:auto\" srcset=\"https:\/\/encore.ovh\/wp-content\/uploads\/2025\/03\/A-suivre-7-1024x789.jpeg 1024w, https:\/\/encore.ovh\/wp-content\/uploads\/2025\/03\/A-suivre-7-300x231.jpeg 300w, https:\/\/encore.ovh\/wp-content\/uploads\/2025\/03\/A-suivre-7-768x592.jpeg 768w, https:\/\/encore.ovh\/wp-content\/uploads\/2025\/03\/A-suivre-7-1536x1184.jpeg 1536w, https:\/\/encore.ovh\/wp-content\/uploads\/2025\/03\/A-suivre-7-2048x1579.jpeg 2048w\" sizes=\"auto, (max-width: 1024px) 100vw, 1024px\" \/><\/figure>\n<\/div>\n\n\n<blockquote class=\"wp-block-quote is-layout-flow wp-block-quote-is-layout-flow\">\n<p><\/p>\n<\/blockquote>\n\n\n\n<div class=\"wp-block-columns is-layout-flex wp-container-core-columns-is-layout-9d6595d7 wp-block-columns-is-layout-flex\">\n<div class=\"wp-block-column is-layout-flow wp-block-column-is-layout-flow\"><div class=\"wp-block-image\">\n<figure class=\"aligncenter size-full\"><img loading=\"lazy\" decoding=\"async\" width=\"72\" height=\"72\" src=\"https:\/\/encore.ovh\/wp-content\/uploads\/2025\/03\/IMG_2002-3.png\" alt=\"\" class=\"wp-image-1683\"\/><\/figure>\n<\/div>\n\n\n<div class=\"wp-block-columns is-layout-flex wp-container-core-columns-is-layout-9d6595d7 wp-block-columns-is-layout-flex\">\n<div class=\"wp-block-column is-layout-flow wp-block-column-is-layout-flow\"><\/div>\n<\/div>\n\n\n\n<h3 class=\"wp-block-heading has-text-align-center\">Un accompagnement personnalis\u00e9 et bienveillant<\/h3>\n\n\n\n<p class=\"has-text-align-center\">Chaque personne est unique. C\u2019est pourquoi j\u2019adapte mon accompagnement en fonction de vos besoins, de vos objectifs et de votre fa\u00e7on de fonctionner.&nbsp;&nbsp;<\/p>\n<\/div>\n\n\n\n<div class=\"wp-block-column is-layout-flow wp-block-column-is-layout-flow\"><div class=\"wp-block-image\">\n<figure class=\"aligncenter size-full\"><img loading=\"lazy\" decoding=\"async\" width=\"72\" height=\"72\" src=\"https:\/\/encore.ovh\/wp-content\/uploads\/2025\/03\/IMG_2002-3.png\" alt=\"\" class=\"wp-image-1683\"\/><\/figure>\n<\/div>\n\n\n<div class=\"wp-block-columns is-layout-flex wp-container-core-columns-is-layout-9d6595d7 wp-block-columns-is-layout-flex\">\n<div class=\"wp-block-column is-layout-flow wp-block-column-is-layout-flow\"><\/div>\n<\/div>\n\n\n\n<h3 class=\"wp-block-heading has-text-align-center\">Une \u00e9coute attentive pour bien comprendre vos besoin<\/h3>\n\n\n\n<p class=\"has-text-align-center\">Tout commence par un temps d\u2019\u00e9change. Lors de notre premier contact, je prends le temps de vous \u00e9couter afin de mieux comprendre  vos attentes et votre objectifs, &nbsp;vos forces et vos difficult\u00e9s et votre fa\u00e7on d\u2019aborder les changements et les projets.<\/p>\n<\/div>\n<\/div>\n\n\n\n<div class=\"wp-block-columns is-layout-flex wp-container-core-columns-is-layout-9d6595d7 wp-block-columns-is-layout-flex\">\n<div class=\"wp-block-column is-layout-flow wp-block-column-is-layout-flow\"><div class=\"wp-block-image\">\n<figure class=\"aligncenter size-full\"><img loading=\"lazy\" decoding=\"async\" width=\"72\" height=\"72\" src=\"https:\/\/encore.ovh\/wp-content\/uploads\/2025\/03\/IMG_2002-3.png\" alt=\"\" class=\"wp-image-1683\"\/><\/figure>\n<\/div>\n\n\n<div class=\"wp-block-columns is-layout-flex wp-container-core-columns-is-layout-9d6595d7 wp-block-columns-is-layout-flex\">\n<div class=\"wp-block-column is-layout-flow wp-block-column-is-layout-flow\"><\/div>\n<\/div>\n\n\n\n<h3 class=\"wp-block-heading has-text-align-center\">Des outils ludiques, pratiques et concrets<\/h3>\n\n\n\n<div class=\"wp-block-columns is-layout-flex wp-container-core-columns-is-layout-9d6595d7 wp-block-columns-is-layout-flex\"><\/div>\n\n\n\n<p class=\"has-text-align-center\">Pour vous aider \u00e0 avancer sereinement, j\u2019utilise des outils adapt\u00e9s et faciles \u00e0 prendre en main :&nbsp;&nbsp;<\/p>\n\n\n\n<ul class=\"wp-block-list\">\n<li>Des fiches pratiques pour structurer et organiser vos actions<\/li>\n\n\n\n<li>Du photolangage\u00a0et des jeux de cartes \u00e9ducatifs pour enrichir nos \u00e9changes autour de vos r\u00e9alit\u00e9s.<\/li>\n\n\n\n<li>Des exercices interactifs pour mieux comprendre vos besoins et vos priorit\u00e9s<\/li>\n\n\n\n<li>Des \u00ab&nbsp;mises en situation&nbsp;\u00bb guid\u00e9es, pour vous entra\u00eener \u00e0 g\u00e9rer des situations concr\u00e8tes<\/li>\n<\/ul>\n\n\n\n<p class=\"has-text-align-center\">Ces supports sont con\u00e7us pour \u00eatre clairs, visuels et accessibles, afin que vous puissiez facilement les utiliser apr\u00e8s l\u2019accompagnement.&nbsp;&nbsp;<\/p>\n<\/div>\n\n\n\n<div class=\"wp-block-column is-layout-flow wp-block-column-is-layout-flow\"><div class=\"wp-block-image\">\n<figure class=\"aligncenter size-full\"><img loading=\"lazy\" decoding=\"async\" width=\"72\" height=\"72\" src=\"https:\/\/encore.ovh\/wp-content\/uploads\/2025\/03\/IMG_2002-3.png\" alt=\"\" class=\"wp-image-1683\"\/><\/figure>\n<\/div>\n\n\n<div class=\"wp-block-columns is-layout-flex wp-container-core-columns-is-layout-9d6595d7 wp-block-columns-is-layout-flex\">\n<div class=\"wp-block-column is-layout-flow wp-block-column-is-layout-flow\"><\/div>\n<\/div>\n\n\n\n<h3 class=\"wp-block-heading has-text-align-center\">Une approche progressive et rassurante<\/h3>\n\n\n\n<p class=\"has-text-align-center\">Je sais que le changement peut parfois \u00eatre source de stress ou d\u2019incertitudes. C\u2019est pourquoi j\u2019avance avec vous, pas \u00e0 pas, en veillant \u00e0 :&nbsp;&nbsp;<\/p>\n\n\n\n<ul class=\"wp-block-list\">\n<li>Clarifier chaque \u00e9tape de votre parcours&nbsp;&nbsp;<\/li>\n\n\n\n<li>Vous proposer des actions simples et concr\u00e8tes \u00e0 r\u00e9aliser&nbsp;&nbsp;<\/li>\n\n\n\n<li>Vous encourager et vous soutenir face aux \u00e9ventuels blocages&nbsp;&nbsp;<\/li>\n<\/ul>\n\n\n\n<p><\/p>\n<\/div>\n<\/div>\n\n\n\n<p>&nbsp;&nbsp;<\/p>\n\n\n\n<h2 class=\"wp-block-heading has-text-align-center\">Je vous propose un accompagnement humain, bienveillant et enti\u00e8rement personnalis\u00e9.<\/h2>\n\n\n\n<h2 class=\"wp-block-heading has-text-align-center\"> Mon objectif est de vous donner des outils concrets et adapt\u00e9s pour que vous avanciez sereinement dans vos projets, en toute confiance.&nbsp;&nbsp;<br><\/h2>\n\n\n\n<h3 class=\"wp-block-heading has-text-align-center\">Envie d\u2019\u00e9changer sur vos besoins ou votre projet ? Contactez-moi, je serai ravie de vous accompagner !<\/h3>\n\n\n\n<div class=\"wp-block-cover alignfull\" style=\"min-height:600px;aspect-ratio:unset;\"><span aria-hidden=\"true\" class=\"wp-block-cover__background has-nv-dark-bg-background-color has-background-dim-100 has-background-dim\"><\/span><div class=\"wp-block-cover__inner-container is-layout-flow wp-block-cover-is-layout-flow\">\n<div class=\"wp-block-group\"><div class=\"wp-block-group__inner-container is-layout-flow wp-block-group-is-layout-flow\">\n<div style=\"height:80px\" aria-hidden=\"true\" class=\"wp-block-spacer\"><\/div>\n\n\n\n<div class=\"wp-block-columns are-vertically-aligned-center is-layout-flex wp-container-core-columns-is-layout-9d6595d7 wp-block-columns-is-layout-flex\">\n<div class=\"wp-block-column is-vertically-aligned-center is-layout-flow wp-block-column-is-layout-flow\" style=\"flex-basis:50%\"><div class=\"wp-block-image\">\n<figure class=\"aligncenter size-large is-resized\"><img loading=\"lazy\" decoding=\"async\" width=\"683\" height=\"1024\" src=\"https:\/\/encore.ovh\/wp-content\/uploads\/2024\/10\/IMG_0989-683x1024.jpeg\" alt=\"\" class=\"wp-image-455\" style=\"width:229px;height:auto\" srcset=\"https:\/\/encore.ovh\/wp-content\/uploads\/2024\/10\/IMG_0989-683x1024.jpeg 683w, https:\/\/encore.ovh\/wp-content\/uploads\/2024\/10\/IMG_0989-200x300.jpeg 200w, https:\/\/encore.ovh\/wp-content\/uploads\/2024\/10\/IMG_0989-768x1152.jpeg 768w, https:\/\/encore.ovh\/wp-content\/uploads\/2024\/10\/IMG_0989-1024x1536.jpeg 1024w, https:\/\/encore.ovh\/wp-content\/uploads\/2024\/10\/IMG_0989-1365x2048.jpeg 1365w, https:\/\/encore.ovh\/wp-content\/uploads\/2024\/10\/IMG_0989-scaled.jpeg 1707w\" sizes=\"auto, (max-width: 683px) 100vw, 683px\" \/><\/figure>\n<\/div><\/div>\n\n\n\n<div class=\"wp-block-column is-vertically-aligned-center is-layout-flow wp-block-column-is-layout-flow\" style=\"flex-basis:50%\">\n<div style=\"height:40px\" aria-hidden=\"true\" class=\"wp-block-spacer\"><\/div>\n\n\n\n<h2 class=\"wp-block-heading has-text-align-left has-nv-text-dark-bg-color has-text-color\">Je vous propose un rendez-vous gratuit et sans engagement pour que vous puissiez m\u2019expliquer votre besoin.<\/h2>\n\n\n\n<p class=\"has-text-align-left has-nv-text-dark-bg-color has-text-color\" style=\"font-size:17px\">Prenons le temps de nous rencontrer pour d\u00e9couvrir comment je peux vous accompagner.<\/p>\n\n\n\n<p>En pr\u00e9sentiel sur le Centre Alsace ou en visioconf\u00e9rence sur toute la France.<\/p>\n\n\n\n<p>Je r\u00e9pondrai \u00e0 toutes vos questions.<\/p>\n\n\n\n<div class=\"wp-block-buttons is-horizontal is-content-justification-left is-layout-flex wp-container-core-buttons-is-layout-7e5fce0a wp-block-buttons-is-layout-flex\">\n<div class=\"wp-block-button is-style-secondary\"><a class=\"wp-block-button__link has-background wp-element-button\" href=\"https:\/\/encore.ovh\/index.php\/15c42-web-agency-gb-contact-us\/\" style=\"background-color:#769bf9\">PRISE DE RENDEZ-VOUS <\/a><\/div>\n\n\n\n<div class=\"wp-block-button is-style-secondary\"><a class=\"wp-block-button__link has-background wp-element-button\" href=\"https:\/\/encore.ovh\/index.php\/mon-offre-entreprises-bilan-formation\/\" style=\"background-color:#769bf9\">MES TARIFS<\/a><\/div>\n<\/div>\n<\/div>\n<\/div>\n\n\n\n<div style=\"height:50px\" aria-hidden=\"true\" class=\"wp-block-spacer\"><\/div>\n<\/div><\/div>\n<\/div><\/div>\n\n\n\n<div class=\"wp-block-buttons is-content-justification-center is-layout-flex wp-container-core-buttons-is-layout-16018d1d wp-block-buttons-is-layout-flex\"><\/div>\n\n\n\n<div class=\"wp-block-columns is-layout-flex wp-container-core-columns-is-layout-9d6595d7 wp-block-columns-is-layout-flex\">\n<div class=\"wp-block-column is-layout-flow wp-block-column-is-layout-flow\"><\/div>\n<\/div>\n","protected":false},"excerpt":{"rendered":"<p>Chez Encore, Conseil et Projets chaque personne est unique, chaque accompagnement vous est adapt\u00e9. Un accompagnement personnalis\u00e9 et bienveillant Chaque personne est unique. C\u2019est pourquoi j\u2019adapte mon accompagnement en fonction de vos besoins, de vos objectifs et de votre fa\u00e7on de fonctionner.&nbsp;&nbsp; Une \u00e9coute attentive pour bien comprendre vos besoin Tout commence par un temps&hellip;&nbsp;<a href=\"https:\/\/encore.ovh\/index.php\/ma-methodologie\/\" rel=\"bookmark\">Lire la suite &raquo;<span class=\"screen-reader-text\">Ma m\u00e9thodologie<\/span><\/a><\/p>\n","protected":false},"author":1,"featured_media":0,"parent":0,"menu_order":0,"comment_status":"closed","ping_status":"closed","template":"","meta":{"ub_ctt_via":"","neve_meta_sidebar":"right","neve_meta_container":"contained","neve_meta_enable_content_width":"on","neve_meta_content_width":70,"neve_meta_title_alignment":"","neve_meta_author_avatar":"","neve_post_elements_order":"","neve_meta_disable_header":"","neve_meta_disable_footer":"","neve_meta_disable_title":"","_themeisle_gutenberg_block_has_review":false,"footnotes":""},"class_list":["post-1833","page","type-page","status-publish","hentry"],"featured_image_src":null,"yoast_head":"<!-- This site is optimized with the Yoast SEO plugin v25.6 - https:\/\/yoast.com\/wordpress\/plugins\/seo\/ -->\n<title>Ma m\u00e9thodologie - Encore<\/title>\n<meta name=\"robots\" content=\"index, follow, max-snippet:-1, max-image-preview:large, max-video-preview:-1\" \/>\n<link rel=\"canonical\" href=\"https:\/\/encore.ovh\/index.php\/ma-methodologie\/\" \/>\n<meta property=\"og:locale\" content=\"fr_FR\" \/>\n<meta property=\"og:type\" content=\"article\" \/>\n<meta property=\"og:title\" content=\"Ma m\u00e9thodologie - Encore\" \/>\n<meta property=\"og:description\" content=\"Chez Encore, Conseil et Projets chaque personne est unique, chaque accompagnement vous est adapt\u00e9. Un accompagnement personnalis\u00e9 et bienveillant Chaque personne est unique. C\u2019est pourquoi j\u2019adapte mon accompagnement en fonction de vos besoins, de vos objectifs et de votre fa\u00e7on de fonctionner.&nbsp;&nbsp; Une \u00e9coute attentive pour bien comprendre vos besoin Tout commence par un temps&hellip;&nbsp;Lire la suite &raquo;Ma m\u00e9thodologie\" \/>\n<meta property=\"og:url\" content=\"https:\/\/encore.ovh\/index.php\/ma-methodologie\/\" \/>\n<meta property=\"og:site_name\" content=\"Encore\" \/>\n<meta property=\"article:publisher\" content=\"https:\/\/www.facebook.com\/profile.php?id=61573859113213\" \/>\n<meta property=\"article:modified_time\" content=\"2026-04-29T13:07:10+00:00\" \/>\n<meta property=\"og:image\" content=\"https:\/\/encore.ovh\/wp-content\/uploads\/2025\/03\/A-suivre-7.jpeg\" \/>\n\t<meta property=\"og:image:width\" content=\"2292\" \/>\n\t<meta property=\"og:image:height\" content=\"1767\" \/>\n\t<meta property=\"og:image:type\" content=\"image\/jpeg\" \/>\n<meta name=\"twitter:card\" content=\"summary_large_image\" \/>\n<meta name=\"twitter:label1\" content=\"Dur\u00e9e de lecture estim\u00e9e\" \/>\n\t<meta name=\"twitter:data1\" content=\"3 minutes\" \/>\n<script type=\"application\/ld+json\" class=\"yoast-schema-graph\">{\"@context\":\"https:\/\/schema.org\",\"@graph\":[{\"@type\":\"WebPage\",\"@id\":\"https:\/\/encore.ovh\/index.php\/ma-methodologie\/\",\"url\":\"https:\/\/encore.ovh\/index.php\/ma-methodologie\/\",\"name\":\"Ma m\u00e9thodologie - Encore\",\"isPartOf\":{\"@id\":\"https:\/\/encore.ovh\/#website\"},\"primaryImageOfPage\":{\"@id\":\"https:\/\/encore.ovh\/index.php\/ma-methodologie\/#primaryimage\"},\"image\":{\"@id\":\"https:\/\/encore.ovh\/index.php\/ma-methodologie\/#primaryimage\"},\"thumbnailUrl\":\"https:\/\/encore.ovh\/wp-content\/uploads\/2025\/03\/A-suivre-7-1024x789.jpeg\",\"datePublished\":\"2025-03-16T13:46:54+00:00\",\"dateModified\":\"2026-04-29T13:07:10+00:00\",\"breadcrumb\":{\"@id\":\"https:\/\/encore.ovh\/index.php\/ma-methodologie\/#breadcrumb\"},\"inLanguage\":\"fr-FR\",\"potentialAction\":[{\"@type\":\"ReadAction\",\"target\":[\"https:\/\/encore.ovh\/index.php\/ma-methodologie\/\"]}]},{\"@type\":\"ImageObject\",\"inLanguage\":\"fr-FR\",\"@id\":\"https:\/\/encore.ovh\/index.php\/ma-methodologie\/#primaryimage\",\"url\":\"https:\/\/encore.ovh\/wp-content\/uploads\/2025\/03\/A-suivre-7.jpeg\",\"contentUrl\":\"https:\/\/encore.ovh\/wp-content\/uploads\/2025\/03\/A-suivre-7.jpeg\",\"width\":2292,\"height\":1767},{\"@type\":\"BreadcrumbList\",\"@id\":\"https:\/\/encore.ovh\/index.php\/ma-methodologie\/#breadcrumb\",\"itemListElement\":[{\"@type\":\"ListItem\",\"position\":1,\"name\":\"Accueil\",\"item\":\"https:\/\/encore.ovh\/\"},{\"@type\":\"ListItem\",\"position\":2,\"name\":\"Ma m\u00e9thodologie\"}]},{\"@type\":\"WebSite\",\"@id\":\"https:\/\/encore.ovh\/#website\",\"url\":\"https:\/\/encore.ovh\/\",\"name\":\"Encore\",\"description\":\"\u00c9levons vos possibles\",\"publisher\":{\"@id\":\"https:\/\/encore.ovh\/#organization\"},\"potentialAction\":[{\"@type\":\"SearchAction\",\"target\":{\"@type\":\"EntryPoint\",\"urlTemplate\":\"https:\/\/encore.ovh\/?s={search_term_string}\"},\"query-input\":{\"@type\":\"PropertyValueSpecification\",\"valueRequired\":true,\"valueName\":\"search_term_string\"}}],\"inLanguage\":\"fr-FR\"},{\"@type\":\"Organization\",\"@id\":\"https:\/\/encore.ovh\/#organization\",\"name\":\"Encore\",\"url\":\"https:\/\/encore.ovh\/\",\"logo\":{\"@type\":\"ImageObject\",\"inLanguage\":\"fr-FR\",\"@id\":\"https:\/\/encore.ovh\/#\/schema\/logo\/image\/\",\"url\":\"http:\/\/encore.ovh\/wp-content\/uploads\/2025\/03\/Encore-18.png\",\"contentUrl\":\"http:\/\/encore.ovh\/wp-content\/uploads\/2025\/03\/Encore-18.png\",\"width\":500,\"height\":500,\"caption\":\"Encore\"},\"image\":{\"@id\":\"https:\/\/encore.ovh\/#\/schema\/logo\/image\/\"},\"sameAs\":[\"https:\/\/www.facebook.com\/profile.php?id=61573859113213\",\"https:\/\/www.instagram.com\/encore.conseil.et.projets?igsh=MTFvNTh4NWEyb2J2&utm_source=qr\"]}]}<\/script>\n<!-- \/ Yoast SEO plugin. -->","yoast_head_json":{"title":"Ma m\u00e9thodologie - Encore","robots":{"index":"index","follow":"follow","max-snippet":"max-snippet:-1","max-image-preview":"max-image-preview:large","max-video-preview":"max-video-preview:-1"},"canonical":"https:\/\/encore.ovh\/index.php\/ma-methodologie\/","og_locale":"fr_FR","og_type":"article","og_title":"Ma m\u00e9thodologie - Encore","og_description":"Chez Encore, Conseil et Projets chaque personne est unique, chaque accompagnement vous est adapt\u00e9. Un accompagnement personnalis\u00e9 et bienveillant Chaque personne est unique. C\u2019est pourquoi j\u2019adapte mon accompagnement en fonction de vos besoins, de vos objectifs et de votre fa\u00e7on de fonctionner.&nbsp;&nbsp; Une \u00e9coute attentive pour bien comprendre vos besoin Tout commence par un temps&hellip;&nbsp;Lire la suite &raquo;Ma m\u00e9thodologie","og_url":"https:\/\/encore.ovh\/index.php\/ma-methodologie\/","og_site_name":"Encore","article_publisher":"https:\/\/www.facebook.com\/profile.php?id=61573859113213","article_modified_time":"2026-04-29T13:07:10+00:00","og_image":[{"width":2292,"height":1767,"url":"https:\/\/encore.ovh\/wp-content\/uploads\/2025\/03\/A-suivre-7.jpeg","type":"image\/jpeg"}],"twitter_card":"summary_large_image","twitter_misc":{"Dur\u00e9e de lecture estim\u00e9e":"3 minutes"},"schema":{"@context":"https:\/\/schema.org","@graph":[{"@type":"WebPage","@id":"https:\/\/encore.ovh\/index.php\/ma-methodologie\/","url":"https:\/\/encore.ovh\/index.php\/ma-methodologie\/","name":"Ma m\u00e9thodologie - Encore","isPartOf":{"@id":"https:\/\/encore.ovh\/#website"},"primaryImageOfPage":{"@id":"https:\/\/encore.ovh\/index.php\/ma-methodologie\/#primaryimage"},"image":{"@id":"https:\/\/encore.ovh\/index.php\/ma-methodologie\/#primaryimage"},"thumbnailUrl":"https:\/\/encore.ovh\/wp-content\/uploads\/2025\/03\/A-suivre-7-1024x789.jpeg","datePublished":"2025-03-16T13:46:54+00:00","dateModified":"2026-04-29T13:07:10+00:00","breadcrumb":{"@id":"https:\/\/encore.ovh\/index.php\/ma-methodologie\/#breadcrumb"},"inLanguage":"fr-FR","potentialAction":[{"@type":"ReadAction","target":["https:\/\/encore.ovh\/index.php\/ma-methodologie\/"]}]},{"@type":"ImageObject","inLanguage":"fr-FR","@id":"https:\/\/encore.ovh\/index.php\/ma-methodologie\/#primaryimage","url":"https:\/\/encore.ovh\/wp-content\/uploads\/2025\/03\/A-suivre-7.jpeg","contentUrl":"https:\/\/encore.ovh\/wp-content\/uploads\/2025\/03\/A-suivre-7.jpeg","width":2292,"height":1767},{"@type":"BreadcrumbList","@id":"https:\/\/encore.ovh\/index.php\/ma-methodologie\/#breadcrumb","itemListElement":[{"@type":"ListItem","position":1,"name":"Accueil","item":"https:\/\/encore.ovh\/"},{"@type":"ListItem","position":2,"name":"Ma m\u00e9thodologie"}]},{"@type":"WebSite","@id":"https:\/\/encore.ovh\/#website","url":"https:\/\/encore.ovh\/","name":"Encore","description":"\u00c9levons vos possibles","publisher":{"@id":"https:\/\/encore.ovh\/#organization"},"potentialAction":[{"@type":"SearchAction","target":{"@type":"EntryPoint","urlTemplate":"https:\/\/encore.ovh\/?s={search_term_string}"},"query-input":{"@type":"PropertyValueSpecification","valueRequired":true,"valueName":"search_term_string"}}],"inLanguage":"fr-FR"},{"@type":"Organization","@id":"https:\/\/encore.ovh\/#organization","name":"Encore","url":"https:\/\/encore.ovh\/","logo":{"@type":"ImageObject","inLanguage":"fr-FR","@id":"https:\/\/encore.ovh\/#\/schema\/logo\/image\/","url":"http:\/\/encore.ovh\/wp-content\/uploads\/2025\/03\/Encore-18.png","contentUrl":"http:\/\/encore.ovh\/wp-content\/uploads\/2025\/03\/Encore-18.png","width":500,"height":500,"caption":"Encore"},"image":{"@id":"https:\/\/encore.ovh\/#\/schema\/logo\/image\/"},"sameAs":["https:\/\/www.facebook.com\/profile.php?id=61573859113213","https:\/\/www.instagram.com\/encore.conseil.et.projets?igsh=MTFvNTh4NWEyb2J2&utm_source=qr"]}]}},"_links":{"self":[{"href":"https:\/\/encore.ovh\/index.php\/wp-json\/wp\/v2\/pages\/1833","targetHints":{"allow":["GET"]}}],"collection":[{"href":"https:\/\/encore.ovh\/index.php\/wp-json\/wp\/v2\/pages"}],"about":[{"href":"https:\/\/encore.ovh\/index.php\/wp-json\/wp\/v2\/types\/page"}],"author":[{"embeddable":true,"href":"https:\/\/encore.ovh\/index.php\/wp-json\/wp\/v2\/users\/1"}],"replies":[{"embeddable":true,"href":"https:\/\/encore.ovh\/index.php\/wp-json\/wp\/v2\/comments?post=1833"}],"version-history":[{"count":36,"href":"https:\/\/encore.ovh\/index.php\/wp-json\/wp\/v2\/pages\/1833\/revisions"}],"predecessor-version":[{"id":3245,"href":"https:\/\/encore.ovh\/index.php\/wp-json\/wp\/v2\/pages\/1833\/revisions\/3245"}],"wp:attachment":[{"href":"https:\/\/encore.ovh\/index.php\/wp-json\/wp\/v2\/media?parent=1833"}],"curies":[{"name":"wp","href":"https:\/\/api.w.org\/{rel}","templated":true}]}}