{"id":75,"date":"2020-01-27T08:29:32","date_gmt":"2020-01-27T08:29:32","guid":{"rendered":"https:\/\/demosites.io\/web-agency-gb\/?page_id=75"},"modified":"2026-04-29T15:01:02","modified_gmt":"2026-04-29T13:01:02","slug":"15c42-web-agency-gb-contact-us","status":"publish","type":"page","link":"https:\/\/encore.ovh\/index.php\/15c42-web-agency-gb-contact-us\/","title":{"rendered":"Contactez moi"},"content":{"rendered":"\n<div class=\"wp-block-cover alignfull\" style=\"min-height:461px;aspect-ratio:unset;\"><span aria-hidden=\"true\" class=\"wp-block-cover__background has-nv-site-bg-background-color has-background-dim-100 has-background-dim\"><\/span><div class=\"wp-block-cover__inner-container is-layout-flow wp-block-cover-is-layout-flow\">\n<div class=\"wp-block-group\"><div class=\"wp-block-group__inner-container is-layout-flow wp-block-group-is-layout-flow\">\n<div class=\"wp-block-group\"><div class=\"wp-block-group__inner-container is-layout-constrained wp-block-group-is-layout-constrained\"><div class=\"wp-block-image\">\n<figure class=\"aligncenter size-large is-resized\"><img loading=\"lazy\" decoding=\"async\" width=\"1024\" height=\"572\" src=\"https:\/\/encore.ovh\/wp-content\/uploads\/2024\/10\/IMG_1173-1024x572.jpeg\" alt=\"\" class=\"wp-image-695\" style=\"width:542px;height:auto\" srcset=\"https:\/\/encore.ovh\/wp-content\/uploads\/2024\/10\/IMG_1173-1024x572.jpeg 1024w, https:\/\/encore.ovh\/wp-content\/uploads\/2024\/10\/IMG_1173-300x168.jpeg 300w, https:\/\/encore.ovh\/wp-content\/uploads\/2024\/10\/IMG_1173-768x429.jpeg 768w, https:\/\/encore.ovh\/wp-content\/uploads\/2024\/10\/IMG_1173.jpeg 1267w\" sizes=\"auto, (max-width: 1024px) 100vw, 1024px\" \/><\/figure>\n<\/div><\/div><\/div>\n<\/div><\/div>\n<\/div><\/div>\n\n\n\n<div class=\"wp-block-columns is-layout-flex wp-container-core-columns-is-layout-9d6595d7 wp-block-columns-is-layout-flex\">\n<div class=\"wp-block-column is-layout-flow wp-block-column-is-layout-flow\"><div class=\"wp-block-image\">\n<figure class=\"aligncenter size-full is-resized\"><img loading=\"lazy\" decoding=\"async\" width=\"715\" height=\"725\" src=\"https:\/\/encore.ovh\/wp-content\/uploads\/2025\/02\/Untitled-design-3.jpeg\" alt=\"\" class=\"wp-image-1379\" style=\"width:98px;height:auto\" srcset=\"https:\/\/encore.ovh\/wp-content\/uploads\/2025\/02\/Untitled-design-3.jpeg 715w, https:\/\/encore.ovh\/wp-content\/uploads\/2025\/02\/Untitled-design-3-296x300.jpeg 296w\" sizes=\"auto, (max-width: 715px) 100vw, 715px\" \/><\/figure>\n<\/div>\n\n\n<p class=\"has-text-align-center\"><strong>07 43 65 33 68<\/strong><\/p>\n<\/div>\n\n\n\n<div class=\"wp-block-column is-layout-flow wp-block-column-is-layout-flow\"><div class=\"wp-block-image wp-duotone-unset-1\">\n<figure class=\"aligncenter size-full is-resized\"><img loading=\"lazy\" decoding=\"async\" width=\"813\" height=\"813\" src=\"https:\/\/encore.ovh\/wp-content\/uploads\/2025\/09\/Untitled-design.webp\" alt=\"\" class=\"wp-image-2983\" style=\"width:95px;height:auto\" srcset=\"https:\/\/encore.ovh\/wp-content\/uploads\/2025\/09\/Untitled-design.webp 813w, https:\/\/encore.ovh\/wp-content\/uploads\/2025\/09\/Untitled-design-300x300.webp 300w, https:\/\/encore.ovh\/wp-content\/uploads\/2025\/09\/Untitled-design-150x150.webp 150w, https:\/\/encore.ovh\/wp-content\/uploads\/2025\/09\/Untitled-design-768x768.webp 768w\" sizes=\"auto, (max-width: 813px) 100vw, 813px\" \/><\/figure>\n<\/div>\n\n\n<p class=\"has-text-align-center\"><strong>encoreetvous@gmail.com<\/strong><\/p>\n<\/div>\n\n\n\n<div class=\"wp-block-column is-layout-flow wp-block-column-is-layout-flow\"><div class=\"wp-block-image wp-duotone-unset-2\">\n<figure class=\"aligncenter size-full is-resized\"><img loading=\"lazy\" decoding=\"async\" width=\"668\" height=\"748\" src=\"https:\/\/encore.ovh\/wp-content\/uploads\/2025\/02\/Untitled-design-4.jpeg\" alt=\"\" class=\"wp-image-1382\" style=\"width:83px;height:auto\" srcset=\"https:\/\/encore.ovh\/wp-content\/uploads\/2025\/02\/Untitled-design-4.jpeg 668w, https:\/\/encore.ovh\/wp-content\/uploads\/2025\/02\/Untitled-design-4-268x300.jpeg 268w\" sizes=\"auto, (max-width: 668px) 100vw, 668px\" \/><\/figure>\n<\/div>\n\n\n<p class=\"has-text-align-center\"><strong>Je vous re\u00e7ois sur Munster, Rouffach, Soultz et S\u00e9lestat<\/strong><\/p>\n<\/div>\n<\/div>\n\n\n\n<div class=\"wp-block-columns is-layout-flex wp-container-core-columns-is-layout-9d6595d7 wp-block-columns-is-layout-flex\">\n<div class=\"wp-block-column is-layout-flow wp-block-column-is-layout-flow\">\n<div class=\"wp-block-group has-nv-site-bg-background-color has-background\"><div class=\"wp-block-group__inner-container is-layout-flow wp-block-group-is-layout-flow\">\n<h4 class=\"wp-block-heading has-text-align-center has-neve-text-color-color has-text-color\">Encore, Conseil et Projets <\/h4>\n\n\n\n<p class=\"has-text-align-center\">24, rue du Rebberg <\/p>\n\n\n\n<p class=\"has-text-align-center\">68140 Gunsbach<\/p>\n\n\n\n<p class=\"has-text-align-center\"><a href=\"https:\/\/maps.app.goo.gl\/fJ2fvF6v4KFzjDe5A\">https:\/\/maps.app.goo.gl\/fJ2fvF6v4KFzjDe5A<\/a><\/p>\n\n\n<div class=\"wp-block-image\">\n<figure class=\"aligncenter size-full is-resized\"><img loading=\"lazy\" decoding=\"async\" width=\"2560\" height=\"2150\" src=\"https:\/\/encore.ovh\/wp-content\/uploads\/2025\/02\/Design-sans-titre.png-1-scaled.jpeg\" alt=\"\" class=\"wp-image-1365\" style=\"width:310px;height:auto\" srcset=\"https:\/\/encore.ovh\/wp-content\/uploads\/2025\/02\/Design-sans-titre.png-1-scaled.jpeg 2560w, https:\/\/encore.ovh\/wp-content\/uploads\/2025\/02\/Design-sans-titre.png-1-300x252.jpeg 300w, https:\/\/encore.ovh\/wp-content\/uploads\/2025\/02\/Design-sans-titre.png-1-1024x860.jpeg 1024w, https:\/\/encore.ovh\/wp-content\/uploads\/2025\/02\/Design-sans-titre.png-1-768x645.jpeg 768w, https:\/\/encore.ovh\/wp-content\/uploads\/2025\/02\/Design-sans-titre.png-1-1536x1290.jpeg 1536w, https:\/\/encore.ovh\/wp-content\/uploads\/2025\/02\/Design-sans-titre.png-1-2048x1720.jpeg 2048w\" sizes=\"auto, (max-width: 2560px) 100vw, 2560px\" \/><\/figure>\n<\/div>\n\n\n<div style=\"height:24px\" aria-hidden=\"true\" class=\"wp-block-spacer\"><\/div>\n<\/div><\/div>\n<\/div>\n<\/div>\n\n\n\n<div class=\"wp-block-cover alignfull\" style=\"min-height:600px;aspect-ratio:unset;\"><span aria-hidden=\"true\" class=\"wp-block-cover__background has-nv-dark-bg-background-color has-background-dim-100 has-background-dim\"><\/span><div class=\"wp-block-cover__inner-container is-layout-flow wp-block-cover-is-layout-flow\">\n<div class=\"wp-block-group\"><div class=\"wp-block-group__inner-container is-layout-flow wp-block-group-is-layout-flow\">\n<div style=\"height:80px\" aria-hidden=\"true\" class=\"wp-block-spacer\"><\/div>\n\n\n\n<div class=\"wp-block-columns is-layout-flex wp-container-core-columns-is-layout-9d6595d7 wp-block-columns-is-layout-flex\">\n<div class=\"wp-block-column is-layout-flow wp-block-column-is-layout-flow\" style=\"flex-basis:50%\">\n<h2 class=\"wp-block-heading has-nv-text-dark-bg-color has-text-color\">Envoyez-moi un message<\/h2>\n\n\n\n<p class=\"has-white-color has-text-color\">Je vous recontacterai rapidement pour r\u00e9pondre \u00e0 vos questions ou pour vous proposer un rendez-vous gratuit en pr\u00e9sentiel en fonction de vos disponibilit\u00e9s.<\/p>\n\n\n\n<p>A tr\u00e8s bient\u00f4t <\/p>\n\n\n\n<ul class=\"wp-block-social-links has-normal-icon-size is-style-pill-shape is-layout-flex wp-block-social-links-is-layout-flex\"><li class=\"wp-social-link wp-social-link-facebook  wp-block-social-link\"><a href=\"https:\/\/www.facebook.com\/share\/18K6sRmCuj\/\" class=\"wp-block-social-link-anchor\"><svg width=\"24\" height=\"24\" viewBox=\"0 0 24 24\" version=\"1.1\" xmlns=\"http:\/\/www.w3.org\/2000\/svg\" aria-hidden=\"true\" focusable=\"false\"><path d=\"M12 2C6.5 2 2 6.5 2 12c0 5 3.7 9.1 8.4 9.9v-7H7.9V12h2.5V9.8c0-2.5 1.5-3.9 3.8-3.9 1.1 0 2.2.2 2.2.2v2.5h-1.3c-1.2 0-1.6.8-1.6 1.6V12h2.8l-.4 2.9h-2.3v7C18.3 21.1 22 17 22 12c0-5.5-4.5-10-10-10z\"><\/path><\/svg><span class=\"wp-block-social-link-label screen-reader-text\">Facebook<\/span><\/a><\/li>\n\n<li class=\"wp-social-link wp-social-link-linkedin  wp-block-social-link\"><a href=\"http:\/\/linkedin.com\/in\/virginie-palduplin\" class=\"wp-block-social-link-anchor\"><svg width=\"24\" height=\"24\" viewBox=\"0 0 24 24\" version=\"1.1\" xmlns=\"http:\/\/www.w3.org\/2000\/svg\" aria-hidden=\"true\" focusable=\"false\"><path d=\"M19.7,3H4.3C3.582,3,3,3.582,3,4.3v15.4C3,20.418,3.582,21,4.3,21h15.4c0.718,0,1.3-0.582,1.3-1.3V4.3 C21,3.582,20.418,3,19.7,3z M8.339,18.338H5.667v-8.59h2.672V18.338z M7.004,8.574c-0.857,0-1.549-0.694-1.549-1.548 c0-0.855,0.691-1.548,1.549-1.548c0.854,0,1.547,0.694,1.547,1.548C8.551,7.881,7.858,8.574,7.004,8.574z M18.339,18.338h-2.669 v-4.177c0-0.996-0.017-2.278-1.387-2.278c-1.389,0-1.601,1.086-1.601,2.206v4.249h-2.667v-8.59h2.559v1.174h0.037 c0.356-0.675,1.227-1.387,2.526-1.387c2.703,0,3.203,1.779,3.203,4.092V18.338z\"><\/path><\/svg><span class=\"wp-block-social-link-label screen-reader-text\">LinkedIn<\/span><\/a><\/li>\n\n<li class=\"wp-social-link wp-social-link-instagram  wp-block-social-link\"><a href=\"https:\/\/www.instagram.com\/encore.conseil.et.projets?igsh=MTFvNTh4NWEyb2J2&#038;utm_source=qr\" class=\"wp-block-social-link-anchor\"><svg width=\"24\" height=\"24\" viewBox=\"0 0 24 24\" version=\"1.1\" xmlns=\"http:\/\/www.w3.org\/2000\/svg\" aria-hidden=\"true\" focusable=\"false\"><path d=\"M12,4.622c2.403,0,2.688,0.009,3.637,0.052c0.877,0.04,1.354,0.187,1.671,0.31c0.42,0.163,0.72,0.358,1.035,0.673 c0.315,0.315,0.51,0.615,0.673,1.035c0.123,0.317,0.27,0.794,0.31,1.671c0.043,0.949,0.052,1.234,0.052,3.637 s-0.009,2.688-0.052,3.637c-0.04,0.877-0.187,1.354-0.31,1.671c-0.163,0.42-0.358,0.72-0.673,1.035 c-0.315,0.315-0.615,0.51-1.035,0.673c-0.317,0.123-0.794,0.27-1.671,0.31c-0.949,0.043-1.233,0.052-3.637,0.052 s-2.688-0.009-3.637-0.052c-0.877-0.04-1.354-0.187-1.671-0.31c-0.42-0.163-0.72-0.358-1.035-0.673 c-0.315-0.315-0.51-0.615-0.673-1.035c-0.123-0.317-0.27-0.794-0.31-1.671C4.631,14.688,4.622,14.403,4.622,12 s0.009-2.688,0.052-3.637c0.04-0.877,0.187-1.354,0.31-1.671c0.163-0.42,0.358-0.72,0.673-1.035 c0.315-0.315,0.615-0.51,1.035-0.673c0.317-0.123,0.794-0.27,1.671-0.31C9.312,4.631,9.597,4.622,12,4.622 M12,3 C9.556,3,9.249,3.01,8.289,3.054C7.331,3.098,6.677,3.25,6.105,3.472C5.513,3.702,5.011,4.01,4.511,4.511 c-0.5,0.5-0.808,1.002-1.038,1.594C3.25,6.677,3.098,7.331,3.054,8.289C3.01,9.249,3,9.556,3,12c0,2.444,0.01,2.751,0.054,3.711 c0.044,0.958,0.196,1.612,0.418,2.185c0.23,0.592,0.538,1.094,1.038,1.594c0.5,0.5,1.002,0.808,1.594,1.038 c0.572,0.222,1.227,0.375,2.185,0.418C9.249,20.99,9.556,21,12,21s2.751-0.01,3.711-0.054c0.958-0.044,1.612-0.196,2.185-0.418 c0.592-0.23,1.094-0.538,1.594-1.038c0.5-0.5,0.808-1.002,1.038-1.594c0.222-0.572,0.375-1.227,0.418-2.185 C20.99,14.751,21,14.444,21,12s-0.01-2.751-0.054-3.711c-0.044-0.958-0.196-1.612-0.418-2.185c-0.23-0.592-0.538-1.094-1.038-1.594 c-0.5-0.5-1.002-0.808-1.594-1.038c-0.572-0.222-1.227-0.375-2.185-0.418C14.751,3.01,14.444,3,12,3L12,3z M12,7.378 c-2.552,0-4.622,2.069-4.622,4.622S9.448,16.622,12,16.622s4.622-2.069,4.622-4.622S14.552,7.378,12,7.378z M12,15 c-1.657,0-3-1.343-3-3s1.343-3,3-3s3,1.343,3,3S13.657,15,12,15z M16.804,6.116c-0.596,0-1.08,0.484-1.08,1.08 s0.484,1.08,1.08,1.08c0.596,0,1.08-0.484,1.08-1.08S17.401,6.116,16.804,6.116z\"><\/path><\/svg><span class=\"wp-block-social-link-label screen-reader-text\">Instagram<\/span><\/a><\/li><\/ul>\n<\/div>\n\n\n\n<div class=\"wp-block-column is-vertically-aligned-center is-layout-flow wp-block-column-is-layout-flow\" style=\"flex-basis:50%\">\n<div id=\"wp-block-themeisle-blocks-form-fde84027\" class=\"wp-block-themeisle-blocks-form\" data-option-name=\"bf9b28ff82ce323187abc5d0feb0d8f07ecd8436_fde84027\"><form class=\"otter-form__container\">\n<div id=\"wp-block-themeisle-blocks-form-input-dbfc66c3\" class=\"wp-block-themeisle-blocks-form-input\"><label for=\"wp-block-themeisle-blocks-form-input-dbfc66c3-input\" class=\"otter-form-input-label\"><span class=\"otter-form-input-label__label\">Votre nom et pr\u00e9nom<\/span><span class=\"required\">*<\/span><\/label><input type=\"text\" id=\"wp-block-themeisle-blocks-form-input-dbfc66c3-input\" required class=\"otter-form-input\"\/><\/div>\n\n\n\n<div id=\"wp-block-themeisle-blocks-form-input-5c6f747b\" class=\"wp-block-themeisle-blocks-form-input\"><label for=\"wp-block-themeisle-blocks-form-input-5c6f747b-input\" class=\"otter-form-input-label\"><span class=\"otter-form-input-label__label\">Votre adresse email<\/span><span class=\"required\">*<\/span><\/label><input type=\"email\" id=\"wp-block-themeisle-blocks-form-input-5c6f747b-input\" required class=\"otter-form-input\"\/><\/div>\n\n\n<div class=\"protection\" aria-hidden=\"true\"><input type=\"hidden\" id=\"wp-block-themeisle-blocks-form-fde84027_nonce_field\" name=\"wp-block-themeisle-blocks-form-fde84027_nonce_field\" value=\"5b42ae89a4\" \/><input type=\"hidden\" name=\"_wp_http_referer\" value=\"\/index.php\/wp-json\/wp\/v2\/pages\/75\" \/><input class=\"o-anti-bot\" type=\"checkbox\"><\/div>\n\n\n<div id=\"wp-block-themeisle-blocks-form-textarea-a7b62802\" class=\"wp-block-themeisle-blocks-form-textarea\"><label for=\"wp-block-themeisle-blocks-form-textarea-a7b62802-input\" class=\"otter-form-textarea-label\"><span class=\"otter-form-textarea-label__label\">Message<\/span><\/label><textarea id=\"wp-block-themeisle-blocks-form-textarea-a7b62802-input\" rows=\"10\" class=\"otter-form-textarea-input\"><\/textarea><\/div>\n\n\n\n<p class=\"has-extra-small-font-size\">Les informations recueillies via ce formulaire sont enregistr\u00e9es par Encore, Conseil et Projets dans le but de r\u00e9pondre \u00e0 votre demande. Elles ne sont ni vendues, ni c\u00e9d\u00e9es \u00e0 des tiers. Conform\u00e9ment au R\u00e8glement G\u00e9n\u00e9ral sur la Protection des Donn\u00e9es (RGPD), vous pouvez exercer vos droits d\u2019acc\u00e8s, de rectification ou de suppression en nous contactant \u00e0 : encoreetvous@gmail.com<br><\/p>\n<div class=\"wp-block-button\"><button class=\"wp-block-button__link\" type=\"submit\">Envoi<\/button><\/div><\/form><\/div>\n<\/div>\n<\/div>\n\n\n\n<div style=\"height:40px\" aria-hidden=\"true\" class=\"wp-block-spacer\"><\/div>\n<\/div><\/div>\n<\/div><\/div>\n\n\n\n<h2 class=\"wp-block-heading\"><\/h2>\n\n\n\n<p><\/p>\n","protected":false},"excerpt":{"rendered":"<p>07 43 65 33 68 encoreetvous@gmail.com Je vous re\u00e7ois sur Munster, Rouffach, Soultz et S\u00e9lestat Encore, Conseil et Projets 24, rue du Rebberg 68140 Gunsbach https:\/\/maps.app.goo.gl\/fJ2fvF6v4KFzjDe5A<\/p>\n","protected":false},"author":1,"featured_media":0,"parent":0,"menu_order":6,"comment_status":"closed","ping_status":"closed","template":"","meta":{"ub_ctt_via":"","neve_meta_sidebar":"right","neve_meta_container":"contained","neve_meta_enable_content_width":"on","neve_meta_content_width":70,"neve_meta_title_alignment":"","neve_meta_author_avatar":"","neve_post_elements_order":"","neve_meta_disable_header":"","neve_meta_disable_footer":"","neve_meta_disable_title":"off","_themeisle_gutenberg_block_has_review":false,"footnotes":""},"class_list":["post-75","page","type-page","status-publish","hentry"],"featured_image_src":null,"yoast_head":"<!-- This site is optimized with the Yoast SEO plugin v25.6 - https:\/\/yoast.com\/wordpress\/plugins\/seo\/ -->\n<title>Contactez moi - Encore<\/title>\n<meta name=\"robots\" content=\"index, follow, max-snippet:-1, max-image-preview:large, max-video-preview:-1\" \/>\n<link rel=\"canonical\" href=\"https:\/\/encore.ovh\/index.php\/15c42-web-agency-gb-contact-us\/\" \/>\n<meta property=\"og:locale\" content=\"fr_FR\" \/>\n<meta property=\"og:type\" content=\"article\" \/>\n<meta property=\"og:title\" content=\"Contactez moi - Encore\" \/>\n<meta property=\"og:description\" content=\"07 43 65 33 68 encoreetvous@gmail.com Je vous re\u00e7ois sur Munster, Rouffach, Soultz et S\u00e9lestat Encore, Conseil et Projets 24, rue du Rebberg 68140 Gunsbach https:\/\/maps.app.goo.gl\/fJ2fvF6v4KFzjDe5A\" \/>\n<meta property=\"og:url\" content=\"https:\/\/encore.ovh\/index.php\/15c42-web-agency-gb-contact-us\/\" \/>\n<meta property=\"og:site_name\" content=\"Encore\" \/>\n<meta property=\"article:publisher\" content=\"https:\/\/www.facebook.com\/profile.php?id=61573859113213\" \/>\n<meta property=\"article:modified_time\" content=\"2026-04-29T13:01:02+00:00\" \/>\n<meta property=\"og:image\" content=\"https:\/\/encore.ovh\/wp-content\/uploads\/2024\/10\/IMG_1173.jpeg\" \/>\n\t<meta property=\"og:image:width\" content=\"1267\" \/>\n\t<meta property=\"og:image:height\" content=\"708\" \/>\n\t<meta property=\"og:image:type\" content=\"image\/jpeg\" \/>\n<meta name=\"twitter:card\" content=\"summary_large_image\" \/>\n<meta name=\"twitter:label1\" content=\"Dur\u00e9e de lecture estim\u00e9e\" \/>\n\t<meta name=\"twitter:data1\" content=\"2 minutes\" \/>\n<script type=\"application\/ld+json\" class=\"yoast-schema-graph\">{\"@context\":\"https:\/\/schema.org\",\"@graph\":[{\"@type\":\"WebPage\",\"@id\":\"https:\/\/encore.ovh\/index.php\/15c42-web-agency-gb-contact-us\/\",\"url\":\"https:\/\/encore.ovh\/index.php\/15c42-web-agency-gb-contact-us\/\",\"name\":\"Contactez moi - Encore\",\"isPartOf\":{\"@id\":\"https:\/\/encore.ovh\/#website\"},\"primaryImageOfPage\":{\"@id\":\"https:\/\/encore.ovh\/index.php\/15c42-web-agency-gb-contact-us\/#primaryimage\"},\"image\":{\"@id\":\"https:\/\/encore.ovh\/index.php\/15c42-web-agency-gb-contact-us\/#primaryimage\"},\"thumbnailUrl\":\"https:\/\/encore.ovh\/wp-content\/uploads\/2024\/10\/IMG_1173-1024x572.jpeg\",\"datePublished\":\"2020-01-27T08:29:32+00:00\",\"dateModified\":\"2026-04-29T13:01:02+00:00\",\"breadcrumb\":{\"@id\":\"https:\/\/encore.ovh\/index.php\/15c42-web-agency-gb-contact-us\/#breadcrumb\"},\"inLanguage\":\"fr-FR\",\"potentialAction\":[{\"@type\":\"ReadAction\",\"target\":[\"https:\/\/encore.ovh\/index.php\/15c42-web-agency-gb-contact-us\/\"]}]},{\"@type\":\"ImageObject\",\"inLanguage\":\"fr-FR\",\"@id\":\"https:\/\/encore.ovh\/index.php\/15c42-web-agency-gb-contact-us\/#primaryimage\",\"url\":\"https:\/\/encore.ovh\/wp-content\/uploads\/2024\/10\/IMG_1173.jpeg\",\"contentUrl\":\"https:\/\/encore.ovh\/wp-content\/uploads\/2024\/10\/IMG_1173.jpeg\",\"width\":1267,\"height\":708},{\"@type\":\"BreadcrumbList\",\"@id\":\"https:\/\/encore.ovh\/index.php\/15c42-web-agency-gb-contact-us\/#breadcrumb\",\"itemListElement\":[{\"@type\":\"ListItem\",\"position\":1,\"name\":\"Accueil\",\"item\":\"https:\/\/encore.ovh\/\"},{\"@type\":\"ListItem\",\"position\":2,\"name\":\"Contactez moi\"}]},{\"@type\":\"WebSite\",\"@id\":\"https:\/\/encore.ovh\/#website\",\"url\":\"https:\/\/encore.ovh\/\",\"name\":\"Encore\",\"description\":\"\u00c9levons vos possibles\",\"publisher\":{\"@id\":\"https:\/\/encore.ovh\/#organization\"},\"potentialAction\":[{\"@type\":\"SearchAction\",\"target\":{\"@type\":\"EntryPoint\",\"urlTemplate\":\"https:\/\/encore.ovh\/?s={search_term_string}\"},\"query-input\":{\"@type\":\"PropertyValueSpecification\",\"valueRequired\":true,\"valueName\":\"search_term_string\"}}],\"inLanguage\":\"fr-FR\"},{\"@type\":\"Organization\",\"@id\":\"https:\/\/encore.ovh\/#organization\",\"name\":\"Encore\",\"url\":\"https:\/\/encore.ovh\/\",\"logo\":{\"@type\":\"ImageObject\",\"inLanguage\":\"fr-FR\",\"@id\":\"https:\/\/encore.ovh\/#\/schema\/logo\/image\/\",\"url\":\"http:\/\/encore.ovh\/wp-content\/uploads\/2025\/03\/Encore-18.png\",\"contentUrl\":\"http:\/\/encore.ovh\/wp-content\/uploads\/2025\/03\/Encore-18.png\",\"width\":500,\"height\":500,\"caption\":\"Encore\"},\"image\":{\"@id\":\"https:\/\/encore.ovh\/#\/schema\/logo\/image\/\"},\"sameAs\":[\"https:\/\/www.facebook.com\/profile.php?id=61573859113213\",\"https:\/\/www.instagram.com\/encore.conseil.et.projets?igsh=MTFvNTh4NWEyb2J2&utm_source=qr\"]}]}<\/script>\n<!-- \/ Yoast SEO plugin. -->","yoast_head_json":{"title":"Contactez moi - Encore","robots":{"index":"index","follow":"follow","max-snippet":"max-snippet:-1","max-image-preview":"max-image-preview:large","max-video-preview":"max-video-preview:-1"},"canonical":"https:\/\/encore.ovh\/index.php\/15c42-web-agency-gb-contact-us\/","og_locale":"fr_FR","og_type":"article","og_title":"Contactez moi - Encore","og_description":"07 43 65 33 68 encoreetvous@gmail.com Je vous re\u00e7ois sur Munster, Rouffach, Soultz et S\u00e9lestat Encore, Conseil et Projets 24, rue du Rebberg 68140 Gunsbach https:\/\/maps.app.goo.gl\/fJ2fvF6v4KFzjDe5A","og_url":"https:\/\/encore.ovh\/index.php\/15c42-web-agency-gb-contact-us\/","og_site_name":"Encore","article_publisher":"https:\/\/www.facebook.com\/profile.php?id=61573859113213","article_modified_time":"2026-04-29T13:01:02+00:00","og_image":[{"width":1267,"height":708,"url":"https:\/\/encore.ovh\/wp-content\/uploads\/2024\/10\/IMG_1173.jpeg","type":"image\/jpeg"}],"twitter_card":"summary_large_image","twitter_misc":{"Dur\u00e9e de lecture estim\u00e9e":"2 minutes"},"schema":{"@context":"https:\/\/schema.org","@graph":[{"@type":"WebPage","@id":"https:\/\/encore.ovh\/index.php\/15c42-web-agency-gb-contact-us\/","url":"https:\/\/encore.ovh\/index.php\/15c42-web-agency-gb-contact-us\/","name":"Contactez moi - Encore","isPartOf":{"@id":"https:\/\/encore.ovh\/#website"},"primaryImageOfPage":{"@id":"https:\/\/encore.ovh\/index.php\/15c42-web-agency-gb-contact-us\/#primaryimage"},"image":{"@id":"https:\/\/encore.ovh\/index.php\/15c42-web-agency-gb-contact-us\/#primaryimage"},"thumbnailUrl":"https:\/\/encore.ovh\/wp-content\/uploads\/2024\/10\/IMG_1173-1024x572.jpeg","datePublished":"2020-01-27T08:29:32+00:00","dateModified":"2026-04-29T13:01:02+00:00","breadcrumb":{"@id":"https:\/\/encore.ovh\/index.php\/15c42-web-agency-gb-contact-us\/#breadcrumb"},"inLanguage":"fr-FR","potentialAction":[{"@type":"ReadAction","target":["https:\/\/encore.ovh\/index.php\/15c42-web-agency-gb-contact-us\/"]}]},{"@type":"ImageObject","inLanguage":"fr-FR","@id":"https:\/\/encore.ovh\/index.php\/15c42-web-agency-gb-contact-us\/#primaryimage","url":"https:\/\/encore.ovh\/wp-content\/uploads\/2024\/10\/IMG_1173.jpeg","contentUrl":"https:\/\/encore.ovh\/wp-content\/uploads\/2024\/10\/IMG_1173.jpeg","width":1267,"height":708},{"@type":"BreadcrumbList","@id":"https:\/\/encore.ovh\/index.php\/15c42-web-agency-gb-contact-us\/#breadcrumb","itemListElement":[{"@type":"ListItem","position":1,"name":"Accueil","item":"https:\/\/encore.ovh\/"},{"@type":"ListItem","position":2,"name":"Contactez moi"}]},{"@type":"WebSite","@id":"https:\/\/encore.ovh\/#website","url":"https:\/\/encore.ovh\/","name":"Encore","description":"\u00c9levons vos possibles","publisher":{"@id":"https:\/\/encore.ovh\/#organization"},"potentialAction":[{"@type":"SearchAction","target":{"@type":"EntryPoint","urlTemplate":"https:\/\/encore.ovh\/?s={search_term_string}"},"query-input":{"@type":"PropertyValueSpecification","valueRequired":true,"valueName":"search_term_string"}}],"inLanguage":"fr-FR"},{"@type":"Organization","@id":"https:\/\/encore.ovh\/#organization","name":"Encore","url":"https:\/\/encore.ovh\/","logo":{"@type":"ImageObject","inLanguage":"fr-FR","@id":"https:\/\/encore.ovh\/#\/schema\/logo\/image\/","url":"http:\/\/encore.ovh\/wp-content\/uploads\/2025\/03\/Encore-18.png","contentUrl":"http:\/\/encore.ovh\/wp-content\/uploads\/2025\/03\/Encore-18.png","width":500,"height":500,"caption":"Encore"},"image":{"@id":"https:\/\/encore.ovh\/#\/schema\/logo\/image\/"},"sameAs":["https:\/\/www.facebook.com\/profile.php?id=61573859113213","https:\/\/www.instagram.com\/encore.conseil.et.projets?igsh=MTFvNTh4NWEyb2J2&utm_source=qr"]}]}},"_links":{"self":[{"href":"https:\/\/encore.ovh\/index.php\/wp-json\/wp\/v2\/pages\/75","targetHints":{"allow":["GET"]}}],"collection":[{"href":"https:\/\/encore.ovh\/index.php\/wp-json\/wp\/v2\/pages"}],"about":[{"href":"https:\/\/encore.ovh\/index.php\/wp-json\/wp\/v2\/types\/page"}],"author":[{"embeddable":true,"href":"https:\/\/encore.ovh\/index.php\/wp-json\/wp\/v2\/users\/1"}],"replies":[{"embeddable":true,"href":"https:\/\/encore.ovh\/index.php\/wp-json\/wp\/v2\/comments?post=75"}],"version-history":[{"count":79,"href":"https:\/\/encore.ovh\/index.php\/wp-json\/wp\/v2\/pages\/75\/revisions"}],"predecessor-version":[{"id":3243,"href":"https:\/\/encore.ovh\/index.php\/wp-json\/wp\/v2\/pages\/75\/revisions\/3243"}],"wp:attachment":[{"href":"https:\/\/encore.ovh\/index.php\/wp-json\/wp\/v2\/media?parent=75"}],"curies":[{"name":"wp","href":"https:\/\/api.w.org\/{rel}","templated":true}]}}